{"id":639,"date":"2023-06-21T12:46:09","date_gmt":"2023-06-21T10:46:09","guid":{"rendered":"https:\/\/snowboard-plates.com\/?post_type=product&#038;p=639"},"modified":"2024-03-28T13:23:54","modified_gmt":"2024-03-28T12:23:54","slug":"alpin-zenska-basic","status":"publish","type":"product","link":"https:\/\/snowboard-plates.com\/sl\/izdelek\/alpin-zenska-basic\/","title":{"rendered":"Model: Alpin \u017eenska Basic"},"content":{"rendered":"<ul>\n<li>Maksimalen upogib deske<\/li>\n<li>Upogib deske v enem loku<\/li>\n<li>Du\u0161enje vibracij<\/li>\n<li>Mirna vo\u017enja<\/li>\n<li>Enakomerna distribucija vseh sil na robnik<\/li>\n<li>Hitrej\u0161i pospe\u0161ek iz zavoja<\/li>\n<li>Maksimalna sila na robnikih<\/li>\n<li>Minimalno oddrsavanje<\/li>\n<li>Minimalni torzijski upogib<\/li>\n<li>Absorbcija vibracij \u0161\u010diti sklepe in vezi<\/li>\n<li>Manj\u0161a utrujenost<\/li>\n<li>1 leto garancije<\/li>\n<\/ul>\n","protected":false},"excerpt":{"rendered":"<p><strong>\u0160irina x dol\u017eina:<\/strong> 176 mm x 730mm<br \/>\n<strong>Vi\u0161ina spredaj\/zadaj:<\/strong> 16mm sredina 13mm<br \/>\n<strong>Inserti:<\/strong> 148\/784 mm<br \/>\n<strong>Te\u017ea:<\/strong> 2060g<br \/>\n<strong>Barva:<\/strong> Siva odprema v 1 do 3 dni. Rde\u010da, modra, \u010drna, zlata, zelena, pink odprema od 3 do 10 dni.<\/p>\n<p><strong>Duties &amp; taxes paid, free shipping.<\/strong><\/p>\n","protected":false},"featured_media":1037,"template":"","meta":[],"product_brand":[],"product_cat":[15,83,80],"product_tag":[],"class_list":{"0":"post-639","1":"product","2":"type-product","3":"status-publish","4":"has-post-thumbnail","6":"product_cat-alpin-plosce","7":"product_cat-alpon-basic-z","8":"product_cat-zenska","10":"first","11":"instock","12":"taxable","13":"shipping-taxable","14":"purchasable","15":"product-type-variable","16":"has-default-attributes"},"yoast_head":"<!-- This site is optimized with the Yoast SEO plugin v27.5 - https:\/\/yoast.com\/product\/yoast-seo-wordpress\/ -->\n<title>Model: Alpin \u017eenska Basic - Iron Rock<\/title>\n<meta name=\"robots\" content=\"index, follow, max-snippet:-1, max-image-preview:large, max-video-preview:-1\" \/>\n<link rel=\"canonical\" href=\"https:\/\/snowboard-plates.com\/sl\/izdelek\/alpin-zenska-basic\/\" \/>\n<meta property=\"og:locale\" content=\"sl_SI\" \/>\n<meta property=\"og:type\" content=\"article\" \/>\n<meta property=\"og:title\" content=\"Model: Alpin \u017eenska Basic - Iron Rock\" \/>\n<meta property=\"og:description\" content=\"\u0160irina x dol\u017eina: 176 mm x 730mm Vi\u0161ina spredaj\/zadaj: 16mm sredina 13mm Inserti: 148\/784 mm Te\u017ea: 2060g Barva: Siva odprema v 1 do 3 dni. Rde\u010da, modra, \u010drna, zlata, zelena, pink odprema od 3 do 10 dni.  Duties &amp; taxes paid, free shipping.\" \/>\n<meta property=\"og:url\" content=\"https:\/\/snowboard-plates.com\/sl\/izdelek\/alpin-zenska-basic\/\" \/>\n<meta property=\"og:site_name\" content=\"Iron Rock\" \/>\n<meta property=\"article:modified_time\" content=\"2024-03-28T12:23:54+00:00\" \/>\n<meta property=\"og:image\" content=\"https:\/\/snowboard-plates.com\/wp-content\/uploads\/2022\/08\/Alpn-Basic-3.jpg\" \/>\n\t<meta property=\"og:image:width\" content=\"1000\" \/>\n\t<meta property=\"og:image:height\" content=\"667\" \/>\n\t<meta property=\"og:image:type\" content=\"image\/jpeg\" \/>\n<meta name=\"twitter:card\" content=\"summary_large_image\" \/>\n<meta name=\"twitter:label1\" content=\"Est. reading time\" \/>\n\t<meta name=\"twitter:data1\" content=\"1 minuta\" \/>\n<script type=\"application\/ld+json\" class=\"yoast-schema-graph\">{\"@context\":\"https:\\\/\\\/schema.org\",\"@graph\":[{\"@type\":\"WebPage\",\"@id\":\"https:\\\/\\\/snowboard-plates.com\\\/sl\\\/izdelek\\\/alpin-zenska-basic\\\/\",\"url\":\"https:\\\/\\\/snowboard-plates.com\\\/sl\\\/izdelek\\\/alpin-zenska-basic\\\/\",\"name\":\"Model: Alpin \u017eenska Basic - Iron Rock\",\"isPartOf\":{\"@id\":\"https:\\\/\\\/snowboard-plates.com\\\/#website\"},\"primaryImageOfPage\":{\"@id\":\"https:\\\/\\\/snowboard-plates.com\\\/sl\\\/izdelek\\\/alpin-zenska-basic\\\/#primaryimage\"},\"image\":{\"@id\":\"https:\\\/\\\/snowboard-plates.com\\\/sl\\\/izdelek\\\/alpin-zenska-basic\\\/#primaryimage\"},\"thumbnailUrl\":\"https:\\\/\\\/snowboard-plates.com\\\/wp-content\\\/uploads\\\/2022\\\/08\\\/Alpn-Basic-3.jpg\",\"datePublished\":\"2023-06-21T10:46:09+00:00\",\"dateModified\":\"2024-03-28T12:23:54+00:00\",\"breadcrumb\":{\"@id\":\"https:\\\/\\\/snowboard-plates.com\\\/sl\\\/izdelek\\\/alpin-zenska-basic\\\/#breadcrumb\"},\"inLanguage\":\"sl-SI\",\"potentialAction\":[{\"@type\":\"ReadAction\",\"target\":[\"https:\\\/\\\/snowboard-plates.com\\\/sl\\\/izdelek\\\/alpin-zenska-basic\\\/\"]}]},{\"@type\":\"ImageObject\",\"inLanguage\":\"sl-SI\",\"@id\":\"https:\\\/\\\/snowboard-plates.com\\\/sl\\\/izdelek\\\/alpin-zenska-basic\\\/#primaryimage\",\"url\":\"https:\\\/\\\/snowboard-plates.com\\\/wp-content\\\/uploads\\\/2022\\\/08\\\/Alpn-Basic-3.jpg\",\"contentUrl\":\"https:\\\/\\\/snowboard-plates.com\\\/wp-content\\\/uploads\\\/2022\\\/08\\\/Alpn-Basic-3.jpg\",\"width\":1000,\"height\":667},{\"@type\":\"BreadcrumbList\",\"@id\":\"https:\\\/\\\/snowboard-plates.com\\\/sl\\\/izdelek\\\/alpin-zenska-basic\\\/#breadcrumb\",\"itemListElement\":[{\"@type\":\"ListItem\",\"position\":1,\"name\":\"Home\",\"item\":\"https:\\\/\\\/snowboard-plates.com\\\/sl\\\/\"},{\"@type\":\"ListItem\",\"position\":2,\"name\":\"Trgovina\",\"item\":\"https:\\\/\\\/snowboard-plates.com\\\/sl\\\/trgovina\\\/\"},{\"@type\":\"ListItem\",\"position\":3,\"name\":\"Model: Alpin \u017eenska Basic\"}]},{\"@type\":\"WebSite\",\"@id\":\"https:\\\/\\\/snowboard-plates.com\\\/#website\",\"url\":\"https:\\\/\\\/snowboard-plates.com\\\/\",\"name\":\"Iron Rock\",\"description\":\"Rock your board\",\"potentialAction\":[{\"@type\":\"SearchAction\",\"target\":{\"@type\":\"EntryPoint\",\"urlTemplate\":\"https:\\\/\\\/snowboard-plates.com\\\/?s={search_term_string}\"},\"query-input\":{\"@type\":\"PropertyValueSpecification\",\"valueRequired\":true,\"valueName\":\"search_term_string\"}}],\"inLanguage\":\"sl-SI\"}]}<\/script>\n<!-- \/ Yoast SEO plugin. -->","yoast_head_json":{"title":"Model: Alpin \u017eenska Basic - Iron Rock","robots":{"index":"index","follow":"follow","max-snippet":"max-snippet:-1","max-image-preview":"max-image-preview:large","max-video-preview":"max-video-preview:-1"},"canonical":"https:\/\/snowboard-plates.com\/sl\/izdelek\/alpin-zenska-basic\/","og_locale":"sl_SI","og_type":"article","og_title":"Model: Alpin \u017eenska Basic - Iron Rock","og_description":"\u0160irina x dol\u017eina: 176 mm x 730mm Vi\u0161ina spredaj\/zadaj: 16mm sredina 13mm Inserti: 148\/784 mm Te\u017ea: 2060g Barva: Siva odprema v 1 do 3 dni. Rde\u010da, modra, \u010drna, zlata, zelena, pink odprema od 3 do 10 dni.  Duties &amp; taxes paid, free shipping.","og_url":"https:\/\/snowboard-plates.com\/sl\/izdelek\/alpin-zenska-basic\/","og_site_name":"Iron Rock","article_modified_time":"2024-03-28T12:23:54+00:00","og_image":[{"width":1000,"height":667,"url":"https:\/\/snowboard-plates.com\/wp-content\/uploads\/2022\/08\/Alpn-Basic-3.jpg","type":"image\/jpeg"}],"twitter_card":"summary_large_image","twitter_misc":{"Est. reading time":"1 minuta"},"schema":{"@context":"https:\/\/schema.org","@graph":[{"@type":"WebPage","@id":"https:\/\/snowboard-plates.com\/sl\/izdelek\/alpin-zenska-basic\/","url":"https:\/\/snowboard-plates.com\/sl\/izdelek\/alpin-zenska-basic\/","name":"Model: Alpin \u017eenska Basic - Iron Rock","isPartOf":{"@id":"https:\/\/snowboard-plates.com\/#website"},"primaryImageOfPage":{"@id":"https:\/\/snowboard-plates.com\/sl\/izdelek\/alpin-zenska-basic\/#primaryimage"},"image":{"@id":"https:\/\/snowboard-plates.com\/sl\/izdelek\/alpin-zenska-basic\/#primaryimage"},"thumbnailUrl":"https:\/\/snowboard-plates.com\/wp-content\/uploads\/2022\/08\/Alpn-Basic-3.jpg","datePublished":"2023-06-21T10:46:09+00:00","dateModified":"2024-03-28T12:23:54+00:00","breadcrumb":{"@id":"https:\/\/snowboard-plates.com\/sl\/izdelek\/alpin-zenska-basic\/#breadcrumb"},"inLanguage":"sl-SI","potentialAction":[{"@type":"ReadAction","target":["https:\/\/snowboard-plates.com\/sl\/izdelek\/alpin-zenska-basic\/"]}]},{"@type":"ImageObject","inLanguage":"sl-SI","@id":"https:\/\/snowboard-plates.com\/sl\/izdelek\/alpin-zenska-basic\/#primaryimage","url":"https:\/\/snowboard-plates.com\/wp-content\/uploads\/2022\/08\/Alpn-Basic-3.jpg","contentUrl":"https:\/\/snowboard-plates.com\/wp-content\/uploads\/2022\/08\/Alpn-Basic-3.jpg","width":1000,"height":667},{"@type":"BreadcrumbList","@id":"https:\/\/snowboard-plates.com\/sl\/izdelek\/alpin-zenska-basic\/#breadcrumb","itemListElement":[{"@type":"ListItem","position":1,"name":"Home","item":"https:\/\/snowboard-plates.com\/sl\/"},{"@type":"ListItem","position":2,"name":"Trgovina","item":"https:\/\/snowboard-plates.com\/sl\/trgovina\/"},{"@type":"ListItem","position":3,"name":"Model: Alpin \u017eenska Basic"}]},{"@type":"WebSite","@id":"https:\/\/snowboard-plates.com\/#website","url":"https:\/\/snowboard-plates.com\/","name":"Iron Rock","description":"Rock your board","potentialAction":[{"@type":"SearchAction","target":{"@type":"EntryPoint","urlTemplate":"https:\/\/snowboard-plates.com\/?s={search_term_string}"},"query-input":{"@type":"PropertyValueSpecification","valueRequired":true,"valueName":"search_term_string"}}],"inLanguage":"sl-SI"}]}},"_links":{"self":[{"href":"https:\/\/snowboard-plates.com\/sl\/wp-json\/wp\/v2\/product\/639","targetHints":{"allow":["GET"]}}],"collection":[{"href":"https:\/\/snowboard-plates.com\/sl\/wp-json\/wp\/v2\/product"}],"about":[{"href":"https:\/\/snowboard-plates.com\/sl\/wp-json\/wp\/v2\/types\/product"}],"wp:featuredmedia":[{"embeddable":true,"href":"https:\/\/snowboard-plates.com\/sl\/wp-json\/wp\/v2\/media\/1037"}],"wp:attachment":[{"href":"https:\/\/snowboard-plates.com\/sl\/wp-json\/wp\/v2\/media?parent=639"}],"wp:term":[{"taxonomy":"product_brand","embeddable":true,"href":"https:\/\/snowboard-plates.com\/sl\/wp-json\/wp\/v2\/product_brand?post=639"},{"taxonomy":"product_cat","embeddable":true,"href":"https:\/\/snowboard-plates.com\/sl\/wp-json\/wp\/v2\/product_cat?post=639"},{"taxonomy":"product_tag","embeddable":true,"href":"https:\/\/snowboard-plates.com\/sl\/wp-json\/wp\/v2\/product_tag?post=639"}],"curies":[{"name":"wp","href":"https:\/\/api.w.org\/{rel}","templated":true}]}}